{"id":4138,"date":"2022-04-13T04:56:30","date_gmt":"2022-04-13T04:56:30","guid":{"rendered":"https:\/\/biosculptureacademie.nl\/connexion-et-inscription\/compte\/"},"modified":"2022-04-13T04:56:30","modified_gmt":"2022-04-13T04:56:30","slug":"compte","status":"publish","type":"page","link":"https:\/\/biosculptureacademie.nl\/fr\/connexion-et-inscription\/compte\/","title":{"rendered":"Compte"},"content":{"rendered":"<h2 style=\"text-align: center;\">Mon compte \/ Mon compte<\/h2>\n<p>Pr\u00e9nomNom de familleAdresse \u00e9lectroniqueNouveau mot de passe<span><\/span><span><\/span>Confirmation du mot de passe<span><\/span><span><\/span><a href=\"#\" style=\"\"><span style=\"\"><span style=\"\">Mise \u00e0 jour<\/span><\/span><\/a><\/p>\n","protected":false},"excerpt":{"rendered":"<p>Mon compte \/ Mon compte Pr\u00e9nomNom de familleAdresse \u00e9lectroniqueNouveau mot de passeConfirmation du mot de passeMise \u00e0 jour<\/p>\n","protected":false},"author":1,"featured_media":0,"parent":4136,"menu_order":0,"comment_status":"closed","ping_status":"closed","template":"","meta":{"footnotes":"","tve_updated_post":"","tve_custom_css":"","tve_user_custom_css":"","tve_globals":{},"tcb2_ready":0,"tcb_editor_enabled":0,"tve_landing_page":"","_tve_header":"","_tve_footer":""},"class_list":["post-4138","page","type-page","status-publish","hentry","post-wrapper","thrv_wrapper"],"_links":{"self":[{"href":"https:\/\/biosculptureacademie.nl\/fr\/wp-json\/wp\/v2\/pages\/4138","targetHints":{"allow":["GET"]}}],"collection":[{"href":"https:\/\/biosculptureacademie.nl\/fr\/wp-json\/wp\/v2\/pages"}],"about":[{"href":"https:\/\/biosculptureacademie.nl\/fr\/wp-json\/wp\/v2\/types\/page"}],"author":[{"embeddable":true,"href":"https:\/\/biosculptureacademie.nl\/fr\/wp-json\/wp\/v2\/users\/1"}],"replies":[{"embeddable":true,"href":"https:\/\/biosculptureacademie.nl\/fr\/wp-json\/wp\/v2\/comments?post=4138"}],"version-history":[{"count":0,"href":"https:\/\/biosculptureacademie.nl\/fr\/wp-json\/wp\/v2\/pages\/4138\/revisions"}],"up":[{"embeddable":true,"href":"https:\/\/biosculptureacademie.nl\/fr\/wp-json\/wp\/v2\/pages\/4136"}],"wp:attachment":[{"href":"https:\/\/biosculptureacademie.nl\/fr\/wp-json\/wp\/v2\/media?parent=4138"}],"curies":[{"name":"wp","href":"https:\/\/api.w.org\/{rel}","templated":true}]}}