{"id":4144,"date":"2022-04-13T04:53:38","date_gmt":"2022-04-13T04:53:38","guid":{"rendered":"https:\/\/biosculptureacademie.nl\/mes-cours\/"},"modified":"2022-04-13T04:53:38","modified_gmt":"2022-04-13T04:53:38","slug":"mes-cours","status":"publish","type":"page","link":"https:\/\/biosculptureacademie.nl\/fr\/mes-cours\/","title":{"rendered":"Mes cours"},"content":{"rendered":"<h2 style=\"text-align: center;\">Mes cours<\/h2>\n<p style=\"text-align: center;\">Bonjour <span data-attr-default=\"\" data-attr-id=\"first_name\" data-attr-link=\"0\" data-extra_key=\"first_name\" data-option-inline=\"1\" data-shortcode=\"thrv_dynamic_data_user\" data-shortcode-name=\"Wordpress user first name\">Lenette<\/span>, il s&rsquo;agit d&rsquo;une vue d&rsquo;ensemble de vos cours. En cliquant dessus, vous acc\u00e9derez \u00e0 l&rsquo;endroit o\u00f9<em>vous pouvez voir et acc\u00e9der aux cours auxquels vous \u00eates inscrits.<\/em><\/p>\n<p><span><span data-css=\"\"><\/span><\/span><span>Recherche<\/span><\/p>\n","protected":false},"excerpt":{"rendered":"<p>Mes cours Bonjour Lenette, il s&rsquo;agit d&rsquo;une vue d&rsquo;ensemble de vos cours. En cliquant dessus, vous acc\u00e9derez \u00e0 l&rsquo;endroit o\u00f9vous pouvez voir et acc\u00e9der aux cours auxquels vous \u00eates inscrits. Recherche<\/p>\n","protected":false},"author":1,"featured_media":0,"parent":0,"menu_order":0,"comment_status":"closed","ping_status":"closed","template":"","meta":{"footnotes":"","tve_updated_post":"","tve_custom_css":"","tve_user_custom_css":"","tve_globals":{},"tcb2_ready":0,"tcb_editor_enabled":0,"tve_landing_page":"","_tve_header":"","_tve_footer":""},"class_list":["post-4144","page","type-page","status-publish","hentry","post-wrapper","thrv_wrapper"],"_links":{"self":[{"href":"https:\/\/biosculptureacademie.nl\/fr\/wp-json\/wp\/v2\/pages\/4144","targetHints":{"allow":["GET"]}}],"collection":[{"href":"https:\/\/biosculptureacademie.nl\/fr\/wp-json\/wp\/v2\/pages"}],"about":[{"href":"https:\/\/biosculptureacademie.nl\/fr\/wp-json\/wp\/v2\/types\/page"}],"author":[{"embeddable":true,"href":"https:\/\/biosculptureacademie.nl\/fr\/wp-json\/wp\/v2\/users\/1"}],"replies":[{"embeddable":true,"href":"https:\/\/biosculptureacademie.nl\/fr\/wp-json\/wp\/v2\/comments?post=4144"}],"version-history":[{"count":0,"href":"https:\/\/biosculptureacademie.nl\/fr\/wp-json\/wp\/v2\/pages\/4144\/revisions"}],"wp:attachment":[{"href":"https:\/\/biosculptureacademie.nl\/fr\/wp-json\/wp\/v2\/media?parent=4144"}],"curies":[{"name":"wp","href":"https:\/\/api.w.org\/{rel}","templated":true}]}}