{"id":4155,"date":"2020-04-15T14:46:55","date_gmt":"2020-04-15T14:46:55","guid":{"rendered":"https:\/\/biosculptureacademie.nl\/profil\/"},"modified":"2020-04-15T14:46:55","modified_gmt":"2020-04-15T14:46:55","slug":"profil","status":"publish","type":"page","link":"https:\/\/biosculptureacademie.nl\/fr\/profil\/","title":{"rendered":"Profil"},"content":{"rendered":"<h2 style=\"text-align: center;\">Mon profil<\/h2>\n<p><span><img alt=\"\" src=\"https:\/\/secure.gravatar.com\/avatar\/3fda2d32214d0eb279d2e83a1608ea27?s=256&amp;d=mm&amp;r=g\" srcset=\"https:\/\/secure.gravatar.com\/avatar\/3fda2d32214d0eb279d2e83a1608ea27?s=512&amp;d=mm&amp;r=g 2x\" class=\"avatar avatar-256 photo avatar avatar-256 photo avatar avatar-256 photo avatar avatar-256 photo avatar avatar-256 photo avatar avatar-256 photo avatar avatar-256 photo tve_image wp-image-1774\" height=\"256\" width=\"256\" loading=\"lazy\" data-d-f=\"user\" title=\"\" decoding=\"async\"><\/span><\/p>\n<p style=\"text-align: center;\">Bonjour <span data-shortcode=\"thrv_dynamic_data_user\" data-shortcode-name=\"Wordpress user first name\" data-extra_key=\"first_name\" data-attr-default=\"\" data-attr-id=\"first_name\" data-attr-link=\"0\" data-option-inline=\"1\">Lenette<\/span>,<\/p>\n<p style=\"text-align: center;\">&nbsp;sur cette page, vous pouvez consulter et modifier vos donn\u00e9es<\/p>\n<p style=\"text-align: center;\">&nbsp;ici vous pourrez voir et modifier vos donn\u00e9es&nbsp;<\/p>\n<p>Pr\u00e9nomNom de familleAdresse \u00e9lectroniqueSite web<a href=\"#\" style=\"\"><span style=\"\"><\/span><span style=\"\"><span style=\"\">Mise \u00e0 jour<\/span><\/span><\/a><\/p>\n","protected":false},"excerpt":{"rendered":"<p>Mon profil Bonjour Lenette, &nbsp;sur cette page, vous pouvez consulter et modifier vos donn\u00e9es &nbsp;ici vous pourrez voir et modifier vos donn\u00e9es&nbsp; Pr\u00e9nomNom de familleAdresse \u00e9lectroniqueSite webMise \u00e0 jour<\/p>\n","protected":false},"author":1,"featured_media":0,"parent":0,"menu_order":0,"comment_status":"closed","ping_status":"closed","template":"","meta":{"footnotes":"","tve_updated_post":"","tve_custom_css":"","tve_user_custom_css":"","tve_globals":{},"tcb2_ready":0,"tcb_editor_enabled":0,"tve_landing_page":"","_tve_header":"","_tve_footer":""},"class_list":["post-4155","page","type-page","status-publish","hentry","post-wrapper","thrv_wrapper"],"_links":{"self":[{"href":"https:\/\/biosculptureacademie.nl\/fr\/wp-json\/wp\/v2\/pages\/4155","targetHints":{"allow":["GET"]}}],"collection":[{"href":"https:\/\/biosculptureacademie.nl\/fr\/wp-json\/wp\/v2\/pages"}],"about":[{"href":"https:\/\/biosculptureacademie.nl\/fr\/wp-json\/wp\/v2\/types\/page"}],"author":[{"embeddable":true,"href":"https:\/\/biosculptureacademie.nl\/fr\/wp-json\/wp\/v2\/users\/1"}],"replies":[{"embeddable":true,"href":"https:\/\/biosculptureacademie.nl\/fr\/wp-json\/wp\/v2\/comments?post=4155"}],"version-history":[{"count":0,"href":"https:\/\/biosculptureacademie.nl\/fr\/wp-json\/wp\/v2\/pages\/4155\/revisions"}],"wp:attachment":[{"href":"https:\/\/biosculptureacademie.nl\/fr\/wp-json\/wp\/v2\/media?parent=4155"}],"curies":[{"name":"wp","href":"https:\/\/api.w.org\/{rel}","templated":true}]}}